{"id":3121,"date":"2025-07-03T14:33:59","date_gmt":"2025-07-03T12:33:59","guid":{"rendered":"https:\/\/eneren.it\/?page_id=3121"},"modified":"2025-07-04T09:54:55","modified_gmt":"2025-07-04T07:54:55","slug":"dichiarazione-accessibilita","status":"publish","type":"page","link":"https:\/\/eneren.it\/en\/dichiarazione-accessibilita\/","title":{"rendered":"Dichiarazione di accessibilit\u00e0"},"content":{"rendered":"<p>Eneren Srl sta adeguando i propri canali digitali ai requisiti di accessibilit\u00e0 previsti dalla normativa dettata in materia e ispirati ai valori del proprio codice etico.<\/p>\n<p><strong>Stato di conformit\u00e0<\/strong><br \/>\nQuesto sito web \u00e8 parzialmente conforme ai requisiti previsti dall&#8217;appendice A della norma UNI CEI EN 301549.<\/p>\n<p><strong>Redazione della dichiarazione di accessibilit\u00e0<\/strong><br \/>\nLa presente dichiarazione \u00e8 stata redatta il 26\/06\/2025.<br \/>\nLa dichiarazione \u00e8 stata redatta sulla base di un&#8217;autovalutazione effettuata direttamente dal soggetto erogatore;<\/p>\n<p><strong>Modalit\u00e0 di invio delle segnalazioni e recapiti del soggetto erogatore<\/strong><br \/>\nLe persone che necessitano di tecnologie assistive o di configurazioni particolari nella navigazione dei contenuti possono richiedere assistenza in merito all\u2019accessibilit\u00e0 e segnalare eventuali casi di non conformit\u00e0 all\u2019indirizzo e-mail \u202f<a href=\"mailto:info@eneren.it\" target=\"_blank\" rel=\"noopener\">info@eneren.it<\/a>.<\/p>\n<p>Occorre riportare nel testo della mail, oltre alla segnalazione, le seguenti informazioni:<\/p>\n<p>URL del sito<br \/>\nStrumenti in dotazione\u00a0(sistema operativo, browser ed eventuali strumenti compensativi e tecnologie assistive in dotazione)<\/p>\n<p>La risposta ad eventuali domande e segnalazioni avverr\u00e0\u00a0entro 30 giorni dalla ricezione.\u202fEventuali segnalazioni fuori dall\u2019ambito accessibilit\u00e0 non potranno essere gestite, quindi ti suggeriamo di rivolgerti ai contatti indicati nel sito della societ\u00e0 cui la segnalazione \u00e8 indirizzata.<\/p>\n<p>Il trattamento dati personali avverr\u00e0 come da\u00a0informativa privacy.<\/p>\n<p><strong>Modalit\u00e0 di invio delle segnalazioni all\u2019AgID<\/strong><br \/>\nIn caso di risposta insoddisfacente o di mancata risposta, nel termine di trenta giorni, alla notifica o alla richiesta, l\u2019interessato pu\u00f2 inoltrare una segnalazione utilizzando il seguente link <a href=\"https:\/\/www.agid.gov.it\/\" target=\"_blank\" rel=\"noopener\">https:\/\/www.agid.gov.it\/<\/a>.<\/p>\n<p><strong>Informazioni sul sito<\/strong><br \/>\nSono stati effettuati i test di usabilit\u00e0? No<\/p>\n<p><strong>Informazioni sulla struttura<\/strong><br \/>\nNumero di dipendenti con disabilit\u00e0 presenti nell&#8217;amministrazione: 0<br \/>\nNumero di postazioni di lavoro per dipendenti con disabilit\u00e0: 0<\/p>\n<p>&nbsp;<\/p>\n","protected":false},"excerpt":{"rendered":"<p>Eneren Srl sta adeguando i propri canali digitali ai requisiti di accessibilit\u00e0 previsti dalla normativa dettata in materia e ispirati ai valori del proprio codice etico. Stato di conformit\u00e0 Questo sito web \u00e8 parzialmente conforme ai requisiti previsti dall&#8217;appendice A della norma UNI CEI EN 301549. Redazione della dichiarazione di accessibilit\u00e0 La presente dichiarazione \u00e8 [&hellip;]<\/p>\n","protected":false},"author":4,"featured_media":0,"parent":0,"menu_order":999,"comment_status":"closed","ping_status":"closed","template":"","meta":{"footnotes":""},"class_list":["post-3121","page","type-page","status-publish","hentry"],"acf":[],"yoast_head":"<!-- This site is optimized with the Yoast SEO plugin v22.8 - https:\/\/yoast.com\/wordpress\/plugins\/seo\/ -->\n<title>Dichiarazione di accessibilit\u00e0 - Eneren<\/title>\n<meta name=\"robots\" content=\"index, follow, max-snippet:-1, max-image-preview:large, max-video-preview:-1\" \/>\n<link rel=\"canonical\" href=\"https:\/\/eneren.it\/en\/dichiarazione-accessibilita\/\" \/>\n<meta property=\"og:locale\" content=\"en_US\" \/>\n<meta property=\"og:type\" content=\"article\" \/>\n<meta property=\"og:title\" content=\"Dichiarazione di accessibilit\u00e0 - Eneren\" \/>\n<meta property=\"og:description\" content=\"Eneren Srl sta adeguando i propri canali digitali ai requisiti di accessibilit\u00e0 previsti dalla normativa dettata in materia e ispirati ai valori del proprio codice etico. Stato di conformit\u00e0 Questo sito web \u00e8 parzialmente conforme ai requisiti previsti dall&#8217;appendice A della norma UNI CEI EN 301549. Redazione della dichiarazione di accessibilit\u00e0 La presente dichiarazione \u00e8 [&hellip;]\" \/>\n<meta property=\"og:url\" content=\"https:\/\/eneren.it\/en\/dichiarazione-accessibilita\/\" \/>\n<meta property=\"og:site_name\" content=\"Eneren\" \/>\n<meta property=\"article:modified_time\" content=\"2025-07-04T07:54:55+00:00\" \/>\n<meta name=\"twitter:card\" content=\"summary_large_image\" \/>\n<meta name=\"twitter:label1\" content=\"Est. reading time\" \/>\n\t<meta name=\"twitter:data1\" content=\"2 minutes\" \/>\n<script type=\"application\/ld+json\" class=\"yoast-schema-graph\">{\"@context\":\"https:\/\/schema.org\",\"@graph\":[{\"@type\":\"WebPage\",\"@id\":\"https:\/\/eneren.it\/en\/dichiarazione-accessibilita\/\",\"url\":\"https:\/\/eneren.it\/en\/dichiarazione-accessibilita\/\",\"name\":\"Dichiarazione di accessibilit\u00e0 - Eneren\",\"isPartOf\":{\"@id\":\"https:\/\/eneren.it\/#website\"},\"datePublished\":\"2025-07-03T12:33:59+00:00\",\"dateModified\":\"2025-07-04T07:54:55+00:00\",\"inLanguage\":\"en-US\",\"potentialAction\":[{\"@type\":\"ReadAction\",\"target\":[\"https:\/\/eneren.it\/en\/dichiarazione-accessibilita\/\"]}]},{\"@type\":\"WebSite\",\"@id\":\"https:\/\/eneren.it\/#website\",\"url\":\"https:\/\/eneren.it\/\",\"name\":\"Eneren\",\"description\":\"\",\"inLanguage\":\"en-US\"}]}<\/script>\n<!-- \/ Yoast SEO plugin. -->","yoast_head_json":{"title":"Dichiarazione di accessibilit\u00e0 - Eneren","robots":{"index":"index","follow":"follow","max-snippet":"max-snippet:-1","max-image-preview":"max-image-preview:large","max-video-preview":"max-video-preview:-1"},"canonical":"https:\/\/eneren.it\/en\/dichiarazione-accessibilita\/","og_locale":"en_US","og_type":"article","og_title":"Dichiarazione di accessibilit\u00e0 - Eneren","og_description":"Eneren Srl sta adeguando i propri canali digitali ai requisiti di accessibilit\u00e0 previsti dalla normativa dettata in materia e ispirati ai valori del proprio codice etico. Stato di conformit\u00e0 Questo sito web \u00e8 parzialmente conforme ai requisiti previsti dall&#8217;appendice A della norma UNI CEI EN 301549. Redazione della dichiarazione di accessibilit\u00e0 La presente dichiarazione \u00e8 [&hellip;]","og_url":"https:\/\/eneren.it\/en\/dichiarazione-accessibilita\/","og_site_name":"Eneren","article_modified_time":"2025-07-04T07:54:55+00:00","twitter_card":"summary_large_image","twitter_misc":{"Est. reading time":"2 minutes"},"schema":{"@context":"https:\/\/schema.org","@graph":[{"@type":"WebPage","@id":"https:\/\/eneren.it\/en\/dichiarazione-accessibilita\/","url":"https:\/\/eneren.it\/en\/dichiarazione-accessibilita\/","name":"Dichiarazione di accessibilit\u00e0 - Eneren","isPartOf":{"@id":"https:\/\/eneren.it\/#website"},"datePublished":"2025-07-03T12:33:59+00:00","dateModified":"2025-07-04T07:54:55+00:00","inLanguage":"en-US","potentialAction":[{"@type":"ReadAction","target":["https:\/\/eneren.it\/en\/dichiarazione-accessibilita\/"]}]},{"@type":"WebSite","@id":"https:\/\/eneren.it\/#website","url":"https:\/\/eneren.it\/","name":"Eneren","description":"","inLanguage":"en-US"}]}},"_links":{"self":[{"href":"https:\/\/eneren.it\/en\/wp-json\/wp\/v2\/pages\/3121","targetHints":{"allow":["GET"]}}],"collection":[{"href":"https:\/\/eneren.it\/en\/wp-json\/wp\/v2\/pages"}],"about":[{"href":"https:\/\/eneren.it\/en\/wp-json\/wp\/v2\/types\/page"}],"author":[{"embeddable":true,"href":"https:\/\/eneren.it\/en\/wp-json\/wp\/v2\/users\/4"}],"replies":[{"embeddable":true,"href":"https:\/\/eneren.it\/en\/wp-json\/wp\/v2\/comments?post=3121"}],"version-history":[{"count":2,"href":"https:\/\/eneren.it\/en\/wp-json\/wp\/v2\/pages\/3121\/revisions"}],"predecessor-version":[{"id":3129,"href":"https:\/\/eneren.it\/en\/wp-json\/wp\/v2\/pages\/3121\/revisions\/3129"}],"wp:attachment":[{"href":"https:\/\/eneren.it\/en\/wp-json\/wp\/v2\/media?parent=3121"}],"curies":[{"name":"wp","href":"https:\/\/api.w.org\/{rel}","templated":true}]}}